{"id":11282,"date":"2019-07-03T07:53:45","date_gmt":"2019-07-03T07:53:45","guid":{"rendered":"https:\/\/hotelcasasuenos.com\/activities\/"},"modified":"2024-11-30T07:36:40","modified_gmt":"2024-11-30T07:36:40","slug":"actividades","status":"publish","type":"page","link":"https:\/\/old.hotelcasasuenos.com\/es\/actividades\/","title":{"rendered":"Actividades"},"content":{"rendered":"\t\t<div data-elementor-type=\"wp-post\" data-elementor-id=\"11282\" class=\"elementor elementor-11282 elementor-234\" data-elementor-post-type=\"page\">\n\t\t\t\t\t\t<section class=\"elementor-section elementor-top-section elementor-element elementor-element-1fe99a29 elementor-section-height-min-height elementor-section-boxed elementor-section-height-default elementor-section-items-middle\" data-id=\"1fe99a29\" data-element_type=\"section\" data-settings=\"{&quot;background_background&quot;:&quot;classic&quot;}\">\n\t\t\t\t\t\t<div class=\"elementor-container elementor-column-gap-default\">\n\t\t\t\t\t<div class=\"elementor-column elementor-col-100 elementor-top-column elementor-element elementor-element-7b901902\" data-id=\"7b901902\" data-element_type=\"column\">\n\t\t\t<div class=\"elementor-widget-wrap elementor-element-populated\">\n\t\t\t\t\t\t<div class=\"elementor-element elementor-element-623ed2ea elementor-invisible elementor-widget elementor-widget-heading\" data-id=\"623ed2ea\" data-element_type=\"widget\" data-settings=\"{&quot;_animation&quot;:&quot;fadeIn&quot;}\" data-widget_type=\"heading.default\">\n\t\t\t\t<div class=\"elementor-widget-container\">\n\t\t\t<h1 class=\"elementor-heading-title elementor-size-xxl\">Actividades en Isla Mujeres<\/h1>\t\t<\/div>\n\t\t\t\t<\/div>\n\t\t\t\t\t<\/div>\n\t\t<\/div>\n\t\t\t\t\t<\/div>\n\t\t<\/section>\n\t\t\t\t<section class=\"elementor-section elementor-top-section elementor-element elementor-element-30aed66c elementor-section-boxed elementor-section-height-default elementor-section-height-default\" data-id=\"30aed66c\" data-element_type=\"section\">\n\t\t\t\t\t\t<div class=\"elementor-container elementor-column-gap-default\">\n\t\t\t\t\t<div class=\"elementor-column elementor-col-100 elementor-top-column elementor-element elementor-element-4c17dda7\" data-id=\"4c17dda7\" data-element_type=\"column\">\n\t\t\t<div class=\"elementor-widget-wrap elementor-element-populated\">\n\t\t\t\t\t\t<div class=\"elementor-element elementor-element-4c3423d4 elementor-widget elementor-widget-heading\" data-id=\"4c3423d4\" data-element_type=\"widget\" data-widget_type=\"heading.default\">\n\t\t\t\t<div class=\"elementor-widget-container\">\n\t\t\t<h2 class=\"elementor-heading-title elementor-size-xxl\">Descubre un lugar inigualable<\/h2>\t\t<\/div>\n\t\t\t\t<\/div>\n\t\t\t\t<div class=\"elementor-element elementor-element-4e408264 elementor-widget elementor-widget-text-editor\" data-id=\"4e408264\" data-element_type=\"widget\" data-widget_type=\"text-editor.default\">\n\t\t\t\t<div class=\"elementor-widget-container\">\n\t\t\t\t\t\t\t<p style=\"text-align: left;\">Ya sea que desees pasear por la isla en bicicleta o relajarte en la piscina, \u00a1Casa de los Sue\u00f1os te ofrece gran variedad de actividades para asegurar que tu visita sea una experiencia extraordinaria!<\/p><p>* Sillas y sombrillas sujetas a disponibilidad.<br \/>* Por seguridad e higiene, deber\u00e1 traer su propio equipo de snorkel.<br \/>* M\u00fasica en vivo la mayor\u00eda de los fines de semana.<\/p>\t\t\t\t\t\t<\/div>\n\t\t\t\t<\/div>\n\t\t\t\t\t<\/div>\n\t\t<\/div>\n\t\t\t\t\t<\/div>\n\t\t<\/section>\n\t\t\t\t<section class=\"elementor-section elementor-top-section elementor-element elementor-element-4f2bb51c elementor-section-boxed elementor-section-height-default elementor-section-height-default\" data-id=\"4f2bb51c\" data-element_type=\"section\">\n\t\t\t\t\t\t<div class=\"elementor-container elementor-column-gap-default\">\n\t\t\t\t\t<div class=\"elementor-column elementor-col-100 elementor-top-column elementor-element elementor-element-602fe088\" data-id=\"602fe088\" data-element_type=\"column\">\n\t\t\t<div class=\"elementor-widget-wrap elementor-element-populated\">\n\t\t\t\t\t\t<div class=\"elementor-element elementor-element-37e6b464 elementor-widget elementor-widget-heading\" data-id=\"37e6b464\" data-element_type=\"widget\" data-widget_type=\"heading.default\">\n\t\t\t\t<div class=\"elementor-widget-container\">\n\t\t\t<h2 class=\"elementor-heading-title elementor-size-xxl\">Actividades gratuitas inclu\u00eddas\n<\/h2>\t\t<\/div>\n\t\t\t\t<\/div>\n\t\t\t\t\t<\/div>\n\t\t<\/div>\n\t\t\t\t\t<\/div>\n\t\t<\/section>\n\t\t\t\t<section class=\"elementor-section elementor-top-section elementor-element elementor-element-3122a95c elementor-section-boxed elementor-section-height-default elementor-section-height-default\" data-id=\"3122a95c\" data-element_type=\"section\">\n\t\t\t\t\t\t<div class=\"elementor-container elementor-column-gap-default\">\n\t\t\t\t\t<div class=\"elementor-column elementor-col-50 elementor-top-column elementor-element elementor-element-7366727\" data-id=\"7366727\" data-element_type=\"column\">\n\t\t\t<div class=\"elementor-widget-wrap elementor-element-populated\">\n\t\t\t\t\t\t<div class=\"elementor-element elementor-element-347c8292 elementor-widget elementor-widget-image\" data-id=\"347c8292\" data-element_type=\"widget\" data-widget_type=\"image.default\">\n\t\t\t\t<div class=\"elementor-widget-container\">\n\t\t\t\t\t\t\t\t\t\t\t\t\t<img fetchpriority=\"high\" decoding=\"async\" width=\"800\" height=\"600\" src=\"https:\/\/old.hotelcasasuenos.com\/wp-content\/uploads\/2022\/05\/DJI_20181030_101652-1024x768.jpeg\" class=\"attachment-large size-large wp-image-6179\" alt=\"\" srcset=\"https:\/\/old.hotelcasasuenos.com\/wp-content\/uploads\/2022\/05\/DJI_20181030_101652-1024x768.jpeg 1024w, https:\/\/old.hotelcasasuenos.com\/wp-content\/uploads\/2022\/05\/DJI_20181030_101652-300x225.jpeg 300w, https:\/\/old.hotelcasasuenos.com\/wp-content\/uploads\/2022\/05\/DJI_20181030_101652-768x576.jpeg 768w, https:\/\/old.hotelcasasuenos.com\/wp-content\/uploads\/2022\/05\/DJI_20181030_101652-1536x1152.jpeg 1536w, https:\/\/old.hotelcasasuenos.com\/wp-content\/uploads\/2022\/05\/DJI_20181030_101652.jpeg 1920w\" sizes=\"(max-width: 800px) 100vw, 800px\" \/>\t\t\t\t\t\t\t\t\t\t\t\t\t<\/div>\n\t\t\t\t<\/div>\n\t\t\t\t\t<\/div>\n\t\t<\/div>\n\t\t\t\t<div class=\"elementor-column elementor-col-50 elementor-top-column elementor-element elementor-element-5f2aa8ca\" data-id=\"5f2aa8ca\" data-element_type=\"column\">\n\t\t\t<div class=\"elementor-widget-wrap elementor-element-populated\">\n\t\t\t\t\t\t<div class=\"elementor-element elementor-element-e41b90d elementor-invisible elementor-widget elementor-widget-heading\" data-id=\"e41b90d\" data-element_type=\"widget\" data-settings=\"{&quot;_animation&quot;:&quot;fadeInRight&quot;}\" data-widget_type=\"heading.default\">\n\t\t\t\t<div class=\"elementor-widget-container\">\n\t\t\t<h2 class=\"elementor-heading-title elementor-size-xxl\">Piscina Infinity<\/h2>\t\t<\/div>\n\t\t\t\t<\/div>\n\t\t\t\t<div class=\"elementor-element elementor-element-2c5d7145 elementor-invisible elementor-widget elementor-widget-text-editor\" data-id=\"2c5d7145\" data-element_type=\"widget\" data-settings=\"{&quot;_animation&quot;:&quot;fadeIn&quot;,&quot;_animation_delay&quot;:&quot;300&quot;}\" data-widget_type=\"text-editor.default\">\n\t\t\t\t<div class=\"elementor-widget-container\">\n\t\t\t\t\t\t\t<p style=\"text-align: left;\">Una piscina infinita con vista al Mar Caribe donde flotar\u00e1s en interminables tonalidades de azul.<\/p>\t\t\t\t\t\t<\/div>\n\t\t\t\t<\/div>\n\t\t\t\t\t<\/div>\n\t\t<\/div>\n\t\t\t\t\t<\/div>\n\t\t<\/section>\n\t\t\t\t<section class=\"elementor-section elementor-top-section elementor-element elementor-element-24d7c57c elementor-reverse-tablet elementor-reverse-mobile elementor-section-boxed elementor-section-height-default elementor-section-height-default\" data-id=\"24d7c57c\" data-element_type=\"section\">\n\t\t\t\t\t\t<div class=\"elementor-container elementor-column-gap-default\">\n\t\t\t\t\t<div class=\"elementor-column elementor-col-50 elementor-top-column elementor-element elementor-element-5a808576\" data-id=\"5a808576\" data-element_type=\"column\">\n\t\t\t<div class=\"elementor-widget-wrap elementor-element-populated\">\n\t\t\t\t\t\t<div class=\"elementor-element elementor-element-7230d58 elementor-invisible elementor-widget elementor-widget-heading\" data-id=\"7230d58\" data-element_type=\"widget\" data-settings=\"{&quot;_animation&quot;:&quot;fadeInLeft&quot;}\" data-widget_type=\"heading.default\">\n\t\t\t\t<div class=\"elementor-widget-container\">\n\t\t\t<h2 class=\"elementor-heading-title elementor-size-xxl\">Kayak<\/h2>\t\t<\/div>\n\t\t\t\t<\/div>\n\t\t\t\t<div class=\"elementor-element elementor-element-408e70fa elementor-invisible elementor-widget elementor-widget-text-editor\" data-id=\"408e70fa\" data-element_type=\"widget\" data-settings=\"{&quot;_animation&quot;:&quot;fadeIn&quot;,&quot;_animation_delay&quot;:&quot;300&quot;}\" data-widget_type=\"text-editor.default\">\n\t\t\t\t<div class=\"elementor-widget-container\">\n\t\t\t\t\t\t\t<p style=\"text-align: left;\">Explora los colores del oc\u00e9ano al tiempo que remas a trav\u00e9s del Mar Caribe. S\u00fabete a un kayak y navega a trav\u00e9s de las olas en este pedazo de cielo.<\/p>\t\t\t\t\t\t<\/div>\n\t\t\t\t<\/div>\n\t\t\t\t\t<\/div>\n\t\t<\/div>\n\t\t\t\t<div class=\"elementor-column elementor-col-50 elementor-top-column elementor-element elementor-element-4bd9f3b7\" data-id=\"4bd9f3b7\" data-element_type=\"column\">\n\t\t\t<div class=\"elementor-widget-wrap elementor-element-populated\">\n\t\t\t\t\t\t<div class=\"elementor-element elementor-element-4a006c7c elementor-widget elementor-widget-image\" data-id=\"4a006c7c\" data-element_type=\"widget\" data-widget_type=\"image.default\">\n\t\t\t\t<div class=\"elementor-widget-container\">\n\t\t\t\t\t\t\t\t\t\t\t\t\t<img decoding=\"async\" width=\"800\" height=\"532\" src=\"https:\/\/old.hotelcasasuenos.com\/wp-content\/uploads\/2022\/05\/travel-guide-isla-mujeres-1-1024x681.jpeg\" class=\"attachment-large size-large wp-image-6181\" alt=\"\" srcset=\"https:\/\/old.hotelcasasuenos.com\/wp-content\/uploads\/2022\/05\/travel-guide-isla-mujeres-1-1024x681.jpeg 1024w, https:\/\/old.hotelcasasuenos.com\/wp-content\/uploads\/2022\/05\/travel-guide-isla-mujeres-1-300x199.jpeg 300w, https:\/\/old.hotelcasasuenos.com\/wp-content\/uploads\/2022\/05\/travel-guide-isla-mujeres-1-768x510.jpeg 768w, https:\/\/old.hotelcasasuenos.com\/wp-content\/uploads\/2022\/05\/travel-guide-isla-mujeres-1-1536x1021.jpeg 1536w, https:\/\/old.hotelcasasuenos.com\/wp-content\/uploads\/2022\/05\/travel-guide-isla-mujeres-1.jpeg 1920w\" sizes=\"(max-width: 800px) 100vw, 800px\" \/>\t\t\t\t\t\t\t\t\t\t\t\t\t<\/div>\n\t\t\t\t<\/div>\n\t\t\t\t\t<\/div>\n\t\t<\/div>\n\t\t\t\t\t<\/div>\n\t\t<\/section>\n\t\t\t\t<section class=\"elementor-section elementor-top-section elementor-element elementor-element-1a5da06a elementor-section-boxed elementor-section-height-default elementor-section-height-default\" data-id=\"1a5da06a\" data-element_type=\"section\">\n\t\t\t\t\t\t<div class=\"elementor-container elementor-column-gap-default\">\n\t\t\t\t\t<div class=\"elementor-column elementor-col-50 elementor-top-column elementor-element elementor-element-6a4c9773\" data-id=\"6a4c9773\" data-element_type=\"column\">\n\t\t\t<div class=\"elementor-widget-wrap elementor-element-populated\">\n\t\t\t\t\t\t<div class=\"elementor-element elementor-element-24ca2fed elementor-widget elementor-widget-image\" data-id=\"24ca2fed\" data-element_type=\"widget\" data-widget_type=\"image.default\">\n\t\t\t\t<div class=\"elementor-widget-container\">\n\t\t\t\t\t\t\t\t\t\t\t\t\t<img decoding=\"async\" width=\"800\" height=\"600\" src=\"https:\/\/old.hotelcasasuenos.com\/wp-content\/uploads\/2022\/05\/snorkel-isla-mujeres.jpeg\" class=\"attachment-large size-large wp-image-6183\" alt=\"\" srcset=\"https:\/\/old.hotelcasasuenos.com\/wp-content\/uploads\/2022\/05\/snorkel-isla-mujeres.jpeg 1000w, https:\/\/old.hotelcasasuenos.com\/wp-content\/uploads\/2022\/05\/snorkel-isla-mujeres-300x225.jpeg 300w, https:\/\/old.hotelcasasuenos.com\/wp-content\/uploads\/2022\/05\/snorkel-isla-mujeres-768x576.jpeg 768w\" sizes=\"(max-width: 800px) 100vw, 800px\" \/>\t\t\t\t\t\t\t\t\t\t\t\t\t<\/div>\n\t\t\t\t<\/div>\n\t\t\t\t\t<\/div>\n\t\t<\/div>\n\t\t\t\t<div class=\"elementor-column elementor-col-50 elementor-top-column elementor-element elementor-element-dadb9f1\" data-id=\"dadb9f1\" data-element_type=\"column\">\n\t\t\t<div class=\"elementor-widget-wrap elementor-element-populated\">\n\t\t\t\t\t\t<div class=\"elementor-element elementor-element-6387950f elementor-invisible elementor-widget elementor-widget-heading\" data-id=\"6387950f\" data-element_type=\"widget\" data-settings=\"{&quot;_animation&quot;:&quot;fadeInRight&quot;}\" data-widget_type=\"heading.default\">\n\t\t\t\t<div class=\"elementor-widget-container\">\n\t\t\t<h2 class=\"elementor-heading-title elementor-size-xxl\">Snorkeling<\/h2>\t\t<\/div>\n\t\t\t\t<\/div>\n\t\t\t\t<div class=\"elementor-element elementor-element-604b37ad elementor-invisible elementor-widget elementor-widget-text-editor\" data-id=\"604b37ad\" data-element_type=\"widget\" data-settings=\"{&quot;_animation&quot;:&quot;fadeIn&quot;,&quot;_animation_delay&quot;:&quot;300&quot;}\" data-widget_type=\"text-editor.default\">\n\t\t\t\t<div class=\"elementor-widget-container\">\n\t\t\t\t\t\t\t<p class=\"nd_options_second_font  \">Sum\u00e9rgete en las aguas de un mundo de maravillas, color y vida. Te har\u00e1s uno con el oc\u00e9ano al tiempo que experimentas las bellas ocultas bajo las olas.<\/p><p>* Por seguridad e higiene, deber\u00e1 traer su propio equipo de snorkel.<\/p>\t\t\t\t\t\t<\/div>\n\t\t\t\t<\/div>\n\t\t\t\t\t<\/div>\n\t\t<\/div>\n\t\t\t\t\t<\/div>\n\t\t<\/section>\n\t\t\t\t<section class=\"elementor-section elementor-top-section elementor-element elementor-element-764e84f3 elementor-section-boxed elementor-section-height-default elementor-section-height-default\" data-id=\"764e84f3\" data-element_type=\"section\">\n\t\t\t\t\t\t<div class=\"elementor-container elementor-column-gap-default\">\n\t\t\t\t\t<div class=\"elementor-column elementor-col-50 elementor-top-column elementor-element elementor-element-23054cd3\" data-id=\"23054cd3\" data-element_type=\"column\">\n\t\t\t<div class=\"elementor-widget-wrap elementor-element-populated\">\n\t\t\t\t\t\t<div class=\"elementor-element elementor-element-db29d75 elementor-widget elementor-widget-image\" data-id=\"db29d75\" data-element_type=\"widget\" data-widget_type=\"image.default\">\n\t\t\t\t<div class=\"elementor-widget-container\">\n\t\t\t\t\t\t\t\t\t\t\t\t\t<img loading=\"lazy\" decoding=\"async\" width=\"800\" height=\"534\" src=\"https:\/\/old.hotelcasasuenos.com\/wp-content\/uploads\/2022\/05\/paddle-board-isla-mujeres-1-1024x683.jpeg\" class=\"attachment-large size-large wp-image-6187\" alt=\"\" srcset=\"https:\/\/old.hotelcasasuenos.com\/wp-content\/uploads\/2022\/05\/paddle-board-isla-mujeres-1-1024x683.jpeg 1024w, https:\/\/old.hotelcasasuenos.com\/wp-content\/uploads\/2022\/05\/paddle-board-isla-mujeres-1-300x200.jpeg 300w, https:\/\/old.hotelcasasuenos.com\/wp-content\/uploads\/2022\/05\/paddle-board-isla-mujeres-1-768x512.jpeg 768w, https:\/\/old.hotelcasasuenos.com\/wp-content\/uploads\/2022\/05\/paddle-board-isla-mujeres-1-1536x1025.jpeg 1536w, https:\/\/old.hotelcasasuenos.com\/wp-content\/uploads\/2022\/05\/paddle-board-isla-mujeres-1.jpeg 1700w\" sizes=\"(max-width: 800px) 100vw, 800px\" \/>\t\t\t\t\t\t\t\t\t\t\t\t\t<\/div>\n\t\t\t\t<\/div>\n\t\t\t\t\t<\/div>\n\t\t<\/div>\n\t\t\t\t<div class=\"elementor-column elementor-col-50 elementor-top-column elementor-element elementor-element-16bc6c28\" data-id=\"16bc6c28\" data-element_type=\"column\">\n\t\t\t<div class=\"elementor-widget-wrap elementor-element-populated\">\n\t\t\t\t\t\t<div class=\"elementor-element elementor-element-a2fe264 elementor-invisible elementor-widget elementor-widget-heading\" data-id=\"a2fe264\" data-element_type=\"widget\" data-settings=\"{&quot;_animation&quot;:&quot;fadeInRight&quot;}\" data-widget_type=\"heading.default\">\n\t\t\t\t<div class=\"elementor-widget-container\">\n\t\t\t<h2 class=\"elementor-heading-title elementor-size-xxl\">Paddle Board<\/h2>\t\t<\/div>\n\t\t\t\t<\/div>\n\t\t\t\t<div class=\"elementor-element elementor-element-33598d96 elementor-invisible elementor-widget elementor-widget-text-editor\" data-id=\"33598d96\" data-element_type=\"widget\" data-settings=\"{&quot;_animation&quot;:&quot;fadeIn&quot;,&quot;_animation_delay&quot;:&quot;300&quot;}\" data-widget_type=\"text-editor.default\">\n\t\t\t\t<div class=\"elementor-widget-container\">\n\t\t\t\t\t\t\t<p>Desl\u00edzate a trav\u00e9s de las tranquilas olas del Caribe. Experimenta la sensaci\u00f3n de estar parado sobre el agua al tiempo que remas hacia el atardecer.<\/p>\t\t\t\t\t\t<\/div>\n\t\t\t\t<\/div>\n\t\t\t\t\t<\/div>\n\t\t<\/div>\n\t\t\t\t\t<\/div>\n\t\t<\/section>\n\t\t\t\t<section class=\"elementor-section elementor-top-section elementor-element elementor-element-3b3a9d1e elementor-reverse-tablet elementor-reverse-mobile elementor-section-boxed elementor-section-height-default elementor-section-height-default\" data-id=\"3b3a9d1e\" data-element_type=\"section\">\n\t\t\t\t\t\t<div class=\"elementor-container elementor-column-gap-default\">\n\t\t\t\t\t<div class=\"elementor-column elementor-col-50 elementor-top-column elementor-element elementor-element-1c8b511d\" data-id=\"1c8b511d\" data-element_type=\"column\">\n\t\t\t<div class=\"elementor-widget-wrap elementor-element-populated\">\n\t\t\t\t\t\t<div class=\"elementor-element elementor-element-36bf7d77 elementor-invisible elementor-widget elementor-widget-heading\" data-id=\"36bf7d77\" data-element_type=\"widget\" data-settings=\"{&quot;_animation&quot;:&quot;fadeInLeft&quot;}\" data-widget_type=\"heading.default\">\n\t\t\t\t<div class=\"elementor-widget-container\">\n\t\t\t<h2 class=\"elementor-heading-title elementor-size-xxl\">Kin Ha Pool bar y Albercas<\/h2>\t\t<\/div>\n\t\t\t\t<\/div>\n\t\t\t\t<div class=\"elementor-element elementor-element-5b86f6f5 elementor-invisible elementor-widget elementor-widget-text-editor\" data-id=\"5b86f6f5\" data-element_type=\"widget\" data-settings=\"{&quot;_animation&quot;:&quot;fadeIn&quot;,&quot;_animation_delay&quot;:&quot;300&quot;}\" data-widget_type=\"text-editor.default\">\n\t\t\t\t<div class=\"elementor-widget-container\">\n\t\t\t\t\t\t\t<p>Ven y disfruta del mejor pool bar en Isla Mujeres.<\/p>\t\t\t\t\t\t<\/div>\n\t\t\t\t<\/div>\n\t\t\t\t\t<\/div>\n\t\t<\/div>\n\t\t\t\t<div class=\"elementor-column elementor-col-50 elementor-top-column elementor-element elementor-element-7ce2b860\" data-id=\"7ce2b860\" data-element_type=\"column\">\n\t\t\t<div class=\"elementor-widget-wrap elementor-element-populated\">\n\t\t\t\t\t\t<div class=\"elementor-element elementor-element-b9f02ad elementor-widget elementor-widget-image\" data-id=\"b9f02ad\" data-element_type=\"widget\" data-widget_type=\"image.default\">\n\t\t\t\t<div class=\"elementor-widget-container\">\n\t\t\t\t\t\t\t\t\t\t\t\t\t<img loading=\"lazy\" decoding=\"async\" width=\"800\" height=\"554\" src=\"https:\/\/old.hotelcasasuenos.com\/wp-content\/uploads\/2022\/05\/DJI_0004-2.jpeg\" class=\"attachment-large size-large wp-image-6191\" alt=\"\" srcset=\"https:\/\/old.hotelcasasuenos.com\/wp-content\/uploads\/2022\/05\/DJI_0004-2.jpeg 866w, https:\/\/old.hotelcasasuenos.com\/wp-content\/uploads\/2022\/05\/DJI_0004-2-300x208.jpeg 300w, https:\/\/old.hotelcasasuenos.com\/wp-content\/uploads\/2022\/05\/DJI_0004-2-768x532.jpeg 768w\" sizes=\"(max-width: 800px) 100vw, 800px\" \/>\t\t\t\t\t\t\t\t\t\t\t\t\t<\/div>\n\t\t\t\t<\/div>\n\t\t\t\t\t<\/div>\n\t\t<\/div>\n\t\t\t\t\t<\/div>\n\t\t<\/section>\n\t\t\t\t<section class=\"elementor-section elementor-top-section elementor-element elementor-element-21fc224c elementor-section-height-min-height elementor-section-boxed elementor-section-height-default elementor-section-items-middle\" data-id=\"21fc224c\" data-element_type=\"section\" data-settings=\"{&quot;background_background&quot;:&quot;classic&quot;}\">\n\t\t\t\t\t\t<div class=\"elementor-container elementor-column-gap-default\">\n\t\t\t\t\t<div class=\"elementor-column elementor-col-100 elementor-top-column elementor-element elementor-element-17972124\" data-id=\"17972124\" data-element_type=\"column\">\n\t\t\t<div class=\"elementor-widget-wrap elementor-element-populated\">\n\t\t\t\t\t\t<div class=\"elementor-element elementor-element-3f5d868b elementor-invisible elementor-widget elementor-widget-heading\" data-id=\"3f5d868b\" data-element_type=\"widget\" data-settings=\"{&quot;_animation&quot;:&quot;fadeIn&quot;}\" data-widget_type=\"heading.default\">\n\t\t\t\t<div class=\"elementor-widget-container\">\n\t\t\t<h2 class=\"elementor-heading-title elementor-size-xxl\">Aproveche nuestras ventajas exclusivas reservando en nuestro sitio oficial.<\/h2>\t\t<\/div>\n\t\t\t\t<\/div>\n\t\t\t\t<div class=\"elementor-element elementor-element-7a9bd2ef elementor-align-center elementor-widget elementor-widget-button\" data-id=\"7a9bd2ef\" data-element_type=\"widget\" data-widget_type=\"button.default\">\n\t\t\t\t<div class=\"elementor-widget-container\">\n\t\t\t\t\t<div class=\"elementor-button-wrapper\">\n\t\t\t<a class=\"elementor-button elementor-button-link elementor-size-sm\" href=\"#\">\n\t\t\t\t\t\t<span class=\"elementor-button-content-wrapper\">\n\t\t\t\t\t\t\t\t\t<span class=\"elementor-button-text\">Reserva ahora<\/span>\n\t\t\t\t\t<\/span>\n\t\t\t\t\t<\/a>\n\t\t<\/div>\n\t\t\t\t<\/div>\n\t\t\t\t<\/div>\n\t\t\t\t\t<\/div>\n\t\t<\/div>\n\t\t\t\t\t<\/div>\n\t\t<\/section>\n\t\t\t\t<\/div>\n\t\t","protected":false},"excerpt":{"rendered":"<p>Actividades en Isla Mujeres Descubre un lugar inigualable Ya sea que desees pasear por la isla en bicicleta o relajarte en la piscina, \u00a1Casa de los Sue\u00f1os te ofrece gran variedad de actividades para asegurar que tu visita sea una experiencia extraordinaria! * Sillas y sombrillas sujetas a disponibilidad.* Por seguridad e higiene, deber\u00e1 traer [&hellip;]<\/p>\n","protected":false},"author":1,"featured_media":0,"parent":0,"menu_order":0,"comment_status":"closed","ping_status":"closed","template":"elementor_header_footer","meta":{"footnotes":""},"_links":{"self":[{"href":"https:\/\/old.hotelcasasuenos.com\/es\/wp-json\/wp\/v2\/pages\/11282"}],"collection":[{"href":"https:\/\/old.hotelcasasuenos.com\/es\/wp-json\/wp\/v2\/pages"}],"about":[{"href":"https:\/\/old.hotelcasasuenos.com\/es\/wp-json\/wp\/v2\/types\/page"}],"author":[{"embeddable":true,"href":"https:\/\/old.hotelcasasuenos.com\/es\/wp-json\/wp\/v2\/users\/1"}],"replies":[{"embeddable":true,"href":"https:\/\/old.hotelcasasuenos.com\/es\/wp-json\/wp\/v2\/comments?post=11282"}],"version-history":[{"count":5,"href":"https:\/\/old.hotelcasasuenos.com\/es\/wp-json\/wp\/v2\/pages\/11282\/revisions"}],"predecessor-version":[{"id":12264,"href":"https:\/\/old.hotelcasasuenos.com\/es\/wp-json\/wp\/v2\/pages\/11282\/revisions\/12264"}],"wp:attachment":[{"href":"https:\/\/old.hotelcasasuenos.com\/es\/wp-json\/wp\/v2\/media?parent=11282"}],"curies":[{"name":"wp","href":"https:\/\/api.w.org\/{rel}","templated":true}]}}