{"id":11924,"date":"2020-11-12T05:32:37","date_gmt":"2020-11-12T05:32:37","guid":{"rendered":"https:\/\/hotelcasasuenos.com\/best-price-guarantee\/"},"modified":"2023-03-22T21:32:34","modified_gmt":"2023-03-22T21:32:34","slug":"mejor-precio-garantizado","status":"publish","type":"page","link":"https:\/\/old.hotelcasasuenos.com\/es\/mejor-precio-garantizado\/","title":{"rendered":"Mejor precio garantizado"},"content":{"rendered":"\t\t<div data-elementor-type=\"wp-page\" data-elementor-id=\"11924\" class=\"elementor elementor-11924 elementor-3776\" data-elementor-post-type=\"page\">\n\t\t\t\t\t\t<section class=\"elementor-section elementor-top-section elementor-element elementor-element-30769ae elementor-section-height-min-height elementor-section-boxed elementor-section-height-default elementor-section-items-middle\" data-id=\"30769ae\" data-element_type=\"section\" data-settings=\"{&quot;background_background&quot;:&quot;classic&quot;}\">\n\t\t\t\t\t\t<div class=\"elementor-container elementor-column-gap-default\">\n\t\t\t\t\t<div class=\"elementor-column elementor-col-100 elementor-top-column elementor-element elementor-element-dbc1d9e\" data-id=\"dbc1d9e\" data-element_type=\"column\">\n\t\t\t<div class=\"elementor-widget-wrap\">\n\t\t\t\t\t\t\t<\/div>\n\t\t<\/div>\n\t\t\t\t\t<\/div>\n\t\t<\/section>\n\t\t\t\t<section class=\"elementor-section elementor-top-section elementor-element elementor-element-2a2f528 elementor-section-boxed elementor-section-height-default elementor-section-height-default\" data-id=\"2a2f528\" data-element_type=\"section\">\n\t\t\t\t\t\t<div class=\"elementor-container elementor-column-gap-default\">\n\t\t\t\t\t<div class=\"elementor-column elementor-col-50 elementor-top-column elementor-element elementor-element-ff0ee9f\" data-id=\"ff0ee9f\" data-element_type=\"column\">\n\t\t\t<div class=\"elementor-widget-wrap elementor-element-populated\">\n\t\t\t\t\t\t<div class=\"elementor-element elementor-element-619374c elementor-widget elementor-widget-heading\" data-id=\"619374c\" data-element_type=\"widget\" data-widget_type=\"heading.default\">\n\t\t\t\t<div class=\"elementor-widget-container\">\n\t\t\t<h1 class=\"elementor-heading-title elementor-size-default\">\u00bfQu\u00e9 puedo hacer si encuentro una mejor tarifa?<\/h1>\t\t<\/div>\n\t\t\t\t<\/div>\n\t\t\t\t<div class=\"elementor-element elementor-element-4b2de9f elementor-widget elementor-widget-text-editor\" data-id=\"4b2de9f\" data-element_type=\"widget\" data-widget_type=\"text-editor.default\">\n\t\t\t\t<div class=\"elementor-widget-container\">\n\t\t\t\t\t\t\t<p style=\"text-align: justify;\">Al reservar en l\u00ednea en www.hotelcasasuenos.com o a trav\u00e9s de nuestra central de reservas, 998 877 0708, le GARANTIZAMOS que obtendr\u00e1 la mejor tarifa. \u00bfC\u00f3mo podemos garantizarlo? Muy sencillo.<\/p><p style=\"text-align: justify;\">Si encuentra una tarifa m\u00e1s baja disponible p\u00fablicamente en otro sitio web para el mismo alojamiento y fecha, le igualaremos la tarifa de la competencia y le daremos un 20% de cr\u00e9dito para comida. Simplemente env\u00ede la prueba en un plazo de 72 horas desde la reserva y procederemos de acuerdo con las pol\u00edticas de cancelaci\u00f3n.<\/p>\t\t\t\t\t\t<\/div>\n\t\t\t\t<\/div>\n\t\t\t\t\t<\/div>\n\t\t<\/div>\n\t\t\t\t<div class=\"elementor-column elementor-col-50 elementor-top-column elementor-element elementor-element-4e71cd3\" data-id=\"4e71cd3\" data-element_type=\"column\">\n\t\t\t<div class=\"elementor-widget-wrap elementor-element-populated\">\n\t\t\t\t\t\t<div class=\"elementor-element elementor-element-949d60d elementor-widget elementor-widget-text-editor\" data-id=\"949d60d\" data-element_type=\"widget\" data-widget_type=\"text-editor.default\">\n\t\t\t\t<div class=\"elementor-widget-container\">\n\t\t\t\t\t\t\t<p style=\"text-align: left;\">Rellene y env\u00ede el <a href=\"\/es\/contacto-ubicacion\/\">formulario de reclamaci\u00f3n<\/a> en l\u00ednea a nuestro servicio de atenci\u00f3n al cliente en las 72 horas siguientes a la reserva.<\/p>\t\t\t\t\t\t<\/div>\n\t\t\t\t<\/div>\n\t\t\t\t\t<\/div>\n\t\t<\/div>\n\t\t\t\t\t<\/div>\n\t\t<\/section>\n\t\t\t\t<section class=\"elementor-section elementor-top-section elementor-element elementor-element-61b0f6e elementor-section-height-min-height elementor-section-boxed elementor-section-height-default elementor-section-items-middle\" data-id=\"61b0f6e\" data-element_type=\"section\" data-settings=\"{&quot;background_background&quot;:&quot;classic&quot;}\">\n\t\t\t\t\t\t<div class=\"elementor-container elementor-column-gap-default\">\n\t\t\t\t\t<div class=\"elementor-column elementor-col-100 elementor-top-column elementor-element elementor-element-383412a\" data-id=\"383412a\" data-element_type=\"column\">\n\t\t\t<div class=\"elementor-widget-wrap elementor-element-populated\">\n\t\t\t\t\t\t<div class=\"elementor-element elementor-element-3f77f6c elementor-invisible elementor-widget elementor-widget-heading\" data-id=\"3f77f6c\" data-element_type=\"widget\" data-settings=\"{&quot;_animation&quot;:&quot;fadeIn&quot;}\" data-widget_type=\"heading.default\">\n\t\t\t\t<div class=\"elementor-widget-container\">\n\t\t\t<h2 class=\"elementor-heading-title elementor-size-xxl\">Aproveche nuestras ventajas exclusivas reservando en nuestro sitio oficial.<\/h2>\t\t<\/div>\n\t\t\t\t<\/div>\n\t\t\t\t<div class=\"elementor-element elementor-element-be41cf7 elementor-align-center elementor-widget elementor-widget-button\" data-id=\"be41cf7\" data-element_type=\"widget\" data-widget_type=\"button.default\">\n\t\t\t\t<div class=\"elementor-widget-container\">\n\t\t\t\t\t<div class=\"elementor-button-wrapper\">\n\t\t\t<a class=\"elementor-button elementor-button-link elementor-size-sm\" href=\"https:\/\/direct-book.com\/casadelossuenos\/properties\/casadelossuenos?locale=es\" target=\"_blank\" rel=\"nofollow noopener\">\n\t\t\t\t\t\t<span class=\"elementor-button-content-wrapper\">\n\t\t\t\t\t\t\t\t\t<span class=\"elementor-button-text\">Reserva ahora<\/span>\n\t\t\t\t\t<\/span>\n\t\t\t\t\t<\/a>\n\t\t<\/div>\n\t\t\t\t<\/div>\n\t\t\t\t<\/div>\n\t\t\t\t\t<\/div>\n\t\t<\/div>\n\t\t\t\t\t<\/div>\n\t\t<\/section>\n\t\t\t\t<\/div>\n\t\t","protected":false},"excerpt":{"rendered":"<p>\u00bfQu\u00e9 puedo hacer si encuentro una mejor tarifa? Al reservar en l\u00ednea en www.hotelcasasuenos.com o a trav\u00e9s de nuestra central de reservas, 998 877 0708, le GARANTIZAMOS que obtendr\u00e1 la mejor tarifa. \u00bfC\u00f3mo podemos garantizarlo? Muy sencillo. Si encuentra una tarifa m\u00e1s baja disponible p\u00fablicamente en otro sitio web para el mismo alojamiento y fecha, [&hellip;]<\/p>\n","protected":false},"author":1,"featured_media":0,"parent":0,"menu_order":0,"comment_status":"closed","ping_status":"closed","template":"elementor_header_footer","meta":{"footnotes":""},"_links":{"self":[{"href":"https:\/\/old.hotelcasasuenos.com\/es\/wp-json\/wp\/v2\/pages\/11924"}],"collection":[{"href":"https:\/\/old.hotelcasasuenos.com\/es\/wp-json\/wp\/v2\/pages"}],"about":[{"href":"https:\/\/old.hotelcasasuenos.com\/es\/wp-json\/wp\/v2\/types\/page"}],"author":[{"embeddable":true,"href":"https:\/\/old.hotelcasasuenos.com\/es\/wp-json\/wp\/v2\/users\/1"}],"replies":[{"embeddable":true,"href":"https:\/\/old.hotelcasasuenos.com\/es\/wp-json\/wp\/v2\/comments?post=11924"}],"version-history":[{"count":5,"href":"https:\/\/old.hotelcasasuenos.com\/es\/wp-json\/wp\/v2\/pages\/11924\/revisions"}],"predecessor-version":[{"id":11969,"href":"https:\/\/old.hotelcasasuenos.com\/es\/wp-json\/wp\/v2\/pages\/11924\/revisions\/11969"}],"wp:attachment":[{"href":"https:\/\/old.hotelcasasuenos.com\/es\/wp-json\/wp\/v2\/media?parent=11924"}],"curies":[{"name":"wp","href":"https:\/\/api.w.org\/{rel}","templated":true}]}}