{"id":11931,"date":"2020-11-12T05:29:01","date_gmt":"2020-11-12T05:29:01","guid":{"rendered":"https:\/\/hotelcasasuenos.com\/find-a-transfer\/"},"modified":"2024-10-02T18:59:56","modified_gmt":"2024-10-02T18:59:56","slug":"necesitas-transportacion","status":"publish","type":"page","link":"https:\/\/old.hotelcasasuenos.com\/es\/necesitas-transportacion\/","title":{"rendered":"\u00bfNecesitas transportaci\u00f3n?"},"content":{"rendered":"\t\t<div data-elementor-type=\"wp-page\" data-elementor-id=\"11931\" class=\"elementor elementor-11931 elementor-3799\" data-elementor-post-type=\"page\">\n\t\t\t\t\t\t<section class=\"elementor-section elementor-top-section elementor-element elementor-element-d9053d8 elementor-section-height-min-height elementor-section-boxed elementor-section-height-default elementor-section-items-middle\" data-id=\"d9053d8\" data-element_type=\"section\" data-settings=\"{&quot;background_background&quot;:&quot;classic&quot;}\">\n\t\t\t\t\t\t<div class=\"elementor-container elementor-column-gap-default\">\n\t\t\t\t\t<div class=\"elementor-column elementor-col-100 elementor-top-column elementor-element elementor-element-8a82039\" data-id=\"8a82039\" data-element_type=\"column\">\n\t\t\t<div class=\"elementor-widget-wrap elementor-element-populated\">\n\t\t\t\t\t\t<div class=\"elementor-element elementor-element-7cf5b67 elementor-widget elementor-widget-heading\" data-id=\"7cf5b67\" data-element_type=\"widget\" data-widget_type=\"heading.default\">\n\t\t\t\t<div class=\"elementor-widget-container\">\n\t\t\t<h1 class=\"elementor-heading-title elementor-size-xxl\">\u00bfNecesitas transportaci\u00f3n?<\/h1>\t\t<\/div>\n\t\t\t\t<\/div>\n\t\t\t\t<div class=\"elementor-element elementor-element-6c5df49 elementor-widget elementor-widget-text-editor\" data-id=\"6c5df49\" data-element_type=\"widget\" data-widget_type=\"text-editor.default\">\n\t\t\t\t<div class=\"elementor-widget-container\">\n\t\t\t\t\t\t\t<p>Transportation to Casa de Los Sue\u00f1os Hotel in Isla Mujeres<\/p>\t\t\t\t\t\t<\/div>\n\t\t\t\t<\/div>\n\t\t\t\t\t<\/div>\n\t\t<\/div>\n\t\t\t\t\t<\/div>\n\t\t<\/section>\n\t\t\t\t<section class=\"elementor-section elementor-top-section elementor-element elementor-element-826f74a elementor-section-content-middle elementor-section-boxed elementor-section-height-default elementor-section-height-default\" data-id=\"826f74a\" data-element_type=\"section\">\n\t\t\t\t\t\t<div class=\"elementor-container elementor-column-gap-default\">\n\t\t\t\t\t<div class=\"elementor-column elementor-col-50 elementor-top-column elementor-element elementor-element-dbafa95\" data-id=\"dbafa95\" data-element_type=\"column\">\n\t\t\t<div class=\"elementor-widget-wrap elementor-element-populated\">\n\t\t\t\t\t\t<div class=\"elementor-element elementor-element-79a52f3 elementor-widget elementor-widget-google_maps\" data-id=\"79a52f3\" data-element_type=\"widget\" data-widget_type=\"google_maps.default\">\n\t\t\t\t<div class=\"elementor-widget-container\">\n\t\t\t\t\t<div class=\"elementor-custom-embed\">\n\t\t\t<iframe loading=\"lazy\"\n\t\t\t\t\tsrc=\"https:\/\/maps.google.com\/maps?q=Casa%20de%20los%20Suenos%20Isla%20Mujeres&#038;t=m&#038;z=16&#038;output=embed&#038;iwloc=near\"\n\t\t\t\t\ttitle=\"Casa de los Suenos Isla Mujeres\"\n\t\t\t\t\taria-label=\"Casa de los Suenos Isla Mujeres\"\n\t\t\t><\/iframe>\n\t\t<\/div>\n\t\t\t\t<\/div>\n\t\t\t\t<\/div>\n\t\t\t\t\t<\/div>\n\t\t<\/div>\n\t\t\t\t<div class=\"elementor-column elementor-col-50 elementor-top-column elementor-element elementor-element-babfe12\" data-id=\"babfe12\" data-element_type=\"column\">\n\t\t\t<div class=\"elementor-widget-wrap elementor-element-populated\">\n\t\t\t\t\t\t<div class=\"elementor-element elementor-element-ab2930f elementor-widget elementor-widget-heading\" data-id=\"ab2930f\" data-element_type=\"widget\" data-widget_type=\"heading.default\">\n\t\t\t\t<div class=\"elementor-widget-container\">\n\t\t\t<h2 class=\"elementor-heading-title elementor-size-xl\">Informaci\u00f3n de contacto<\/h2>\t\t<\/div>\n\t\t\t\t<\/div>\n\t\t\t\t<div class=\"elementor-element elementor-element-6870d99 elementor-widget elementor-widget-text-editor\" data-id=\"6870d99\" data-element_type=\"widget\" data-widget_type=\"text-editor.default\">\n\t\t\t\t<div class=\"elementor-widget-container\">\n\t\t\t\t\t\t\t<p style=\"text-align: justify;\">El transporte de ida y vuelta a la Casa de Los Sue\u00f1os se puede organizar para su comodidad. Ofrecemos opciones de transporte de clase Oro y Platino.<\/p><p><b>Transporte de ida y vuelta Gold<\/b><\/p><p style=\"text-align: justify;\">A su llegada al aeropuerto internacional de Canc\u00fan, nuestros hu\u00e9spedes de la transportaci\u00f3n Gold ser\u00e1n recibidos por un agente de viajes que tiene una tarjeta con su nombre. Los hu\u00e9spedes ser\u00e1n transportados directamente al Ferry, donde el agente les entregar\u00e1 los billetes de ida y vuelta. Por favor, guarde estos billetes en un lugar seguro, para su viaje de vuelta. El viaje a la isla dura s\u00f3lo 25 minutos.<\/p><p>Una vez que llegue, nuestro taxista designado le esperar\u00e1 en este lado de La isla con su nombre en una tarjeta, por favor, disfrute de los 15 minutos de viaje al hotel, el mismo procedimiento se sigue para su viaje de regreso.<\/p><p>Todos los servicios de transporte deben programarse con 48 horas de antelaci\u00f3n a la llegada.<\/p><ul><li><span style=\"background-color: transparent;\">Transporte de ida y vuelta de Gold: $150 USD por persona<\/span><\/li><li>Transporte de ida Gold: $120 USD por persona<\/li><\/ul>\t\t\t\t\t\t<\/div>\n\t\t\t\t<\/div>\n\t\t\t\t\t<\/div>\n\t\t<\/div>\n\t\t\t\t\t<\/div>\n\t\t<\/section>\n\t\t\t\t<section class=\"elementor-section elementor-top-section elementor-element elementor-element-61e4994 elementor-section-content-middle elementor-reverse-mobile elementor-section-boxed elementor-section-height-default elementor-section-height-default\" data-id=\"61e4994\" data-element_type=\"section\">\n\t\t\t\t\t\t<div class=\"elementor-container elementor-column-gap-default\">\n\t\t\t\t\t<div class=\"elementor-column elementor-col-50 elementor-top-column elementor-element elementor-element-7aba638\" data-id=\"7aba638\" data-element_type=\"column\">\n\t\t\t<div class=\"elementor-widget-wrap elementor-element-populated\">\n\t\t\t\t\t\t<div class=\"elementor-element elementor-element-b00a0b1 elementor-widget elementor-widget-heading\" data-id=\"b00a0b1\" data-element_type=\"widget\" data-widget_type=\"heading.default\">\n\t\t\t\t<div class=\"elementor-widget-container\">\n\t\t\t<h2 class=\"elementor-heading-title elementor-size-xl\">Transporte Platinum de ida y vuelta<\/h2>\t\t<\/div>\n\t\t\t\t<\/div>\n\t\t\t\t<div class=\"elementor-element elementor-element-1da987a elementor-widget elementor-widget-text-editor\" data-id=\"1da987a\" data-element_type=\"widget\" data-widget_type=\"text-editor.default\">\n\t\t\t\t<div class=\"elementor-widget-container\">\n\t\t\t\t\t\t\t<p style=\"text-align: justify;\">En el aeropuerto de Canc\u00fan, nuestros hu\u00e9spedes de Platinum Transportation ser\u00e1n recibidos por un agente de viajes con una tarjeta con su nombre. Se dirigir\u00e1n a un yate privado donde ser\u00e1n transportados en primera clase directamente al muelle de la Casa de los Sue\u00f1os.<\/p><p style=\"text-align: justify;\">Este servicio puede ser reembolsado y alterado a Transporte de Oro durante las inclemencias del tiempo.<\/p><ul><li>Transportaci\u00f3n Platinum ida y vuelta: $1300 USD por perosna.<\/li><\/ul>\t\t\t\t\t\t<\/div>\n\t\t\t\t<\/div>\n\t\t\t\t\t<\/div>\n\t\t<\/div>\n\t\t\t\t<div class=\"elementor-column elementor-col-50 elementor-top-column elementor-element elementor-element-f81bb86\" data-id=\"f81bb86\" data-element_type=\"column\">\n\t\t\t<div class=\"elementor-widget-wrap elementor-element-populated\">\n\t\t\t\t\t\t<div class=\"elementor-element elementor-element-a713d99 elementor-widget elementor-widget-image\" data-id=\"a713d99\" data-element_type=\"widget\" data-widget_type=\"image.default\">\n\t\t\t\t<div class=\"elementor-widget-container\">\n\t\t\t\t\t\t\t\t\t\t\t\t\t<img fetchpriority=\"high\" decoding=\"async\" width=\"800\" height=\"600\" src=\"https:\/\/old.hotelcasasuenos.com\/wp-content\/uploads\/2022\/05\/transporacion.jpeg\" class=\"attachment-large size-large wp-image-6496\" alt=\"\" srcset=\"https:\/\/old.hotelcasasuenos.com\/wp-content\/uploads\/2022\/05\/transporacion.jpeg 960w, https:\/\/old.hotelcasasuenos.com\/wp-content\/uploads\/2022\/05\/transporacion-300x225.jpeg 300w, https:\/\/old.hotelcasasuenos.com\/wp-content\/uploads\/2022\/05\/transporacion-768x576.jpeg 768w\" sizes=\"(max-width: 800px) 100vw, 800px\" \/>\t\t\t\t\t\t\t\t\t\t\t\t\t<\/div>\n\t\t\t\t<\/div>\n\t\t\t\t\t<\/div>\n\t\t<\/div>\n\t\t\t\t\t<\/div>\n\t\t<\/section>\n\t\t\t\t<section class=\"elementor-section elementor-top-section elementor-element elementor-element-9ac6305 elementor-section-height-min-height elementor-section-boxed elementor-section-height-default elementor-section-items-middle\" data-id=\"9ac6305\" data-element_type=\"section\" data-settings=\"{&quot;background_background&quot;:&quot;classic&quot;}\">\n\t\t\t\t\t\t<div class=\"elementor-container elementor-column-gap-default\">\n\t\t\t\t\t<div class=\"elementor-column elementor-col-100 elementor-top-column elementor-element elementor-element-eb2a8f7\" data-id=\"eb2a8f7\" data-element_type=\"column\">\n\t\t\t<div class=\"elementor-widget-wrap elementor-element-populated\">\n\t\t\t\t\t\t<div class=\"elementor-element elementor-element-5299a24 elementor-invisible elementor-widget elementor-widget-heading\" data-id=\"5299a24\" data-element_type=\"widget\" data-settings=\"{&quot;_animation&quot;:&quot;fadeIn&quot;}\" data-widget_type=\"heading.default\">\n\t\t\t\t<div class=\"elementor-widget-container\">\n\t\t\t<h2 class=\"elementor-heading-title elementor-size-xxl\">Aproveche nuestras ventajas exclusivas reservando en nuestro sitio oficial.<\/h2>\t\t<\/div>\n\t\t\t\t<\/div>\n\t\t\t\t<div class=\"elementor-element elementor-element-09bbcf6 elementor-align-center elementor-widget elementor-widget-button\" data-id=\"09bbcf6\" data-element_type=\"widget\" data-widget_type=\"button.default\">\n\t\t\t\t<div class=\"elementor-widget-container\">\n\t\t\t\t\t<div class=\"elementor-button-wrapper\">\n\t\t\t<a class=\"elementor-button elementor-button-link elementor-size-sm\" href=\"https:\/\/direct-book.com\/casadelossuenos\/properties\/casadelossuenos?locale=es\" target=\"_blank\" rel=\"nofollow noopener\">\n\t\t\t\t\t\t<span class=\"elementor-button-content-wrapper\">\n\t\t\t\t\t\t\t\t\t<span class=\"elementor-button-text\">Reserva ahora<\/span>\n\t\t\t\t\t<\/span>\n\t\t\t\t\t<\/a>\n\t\t<\/div>\n\t\t\t\t<\/div>\n\t\t\t\t<\/div>\n\t\t\t\t\t<\/div>\n\t\t<\/div>\n\t\t\t\t\t<\/div>\n\t\t<\/section>\n\t\t\t\t<\/div>\n\t\t","protected":false},"excerpt":{"rendered":"<p>\u00bfNecesitas transportaci\u00f3n? Transportation to Casa de Los Sue\u00f1os Hotel in Isla Mujeres Informaci\u00f3n de contacto El transporte de ida y vuelta a la Casa de Los Sue\u00f1os se puede organizar para su comodidad. Ofrecemos opciones de transporte de clase Oro y Platino. Transporte de ida y vuelta Gold A su llegada al aeropuerto internacional de [&hellip;]<\/p>\n","protected":false},"author":1,"featured_media":0,"parent":0,"menu_order":0,"comment_status":"closed","ping_status":"closed","template":"elementor_header_footer","meta":{"footnotes":""},"_links":{"self":[{"href":"https:\/\/old.hotelcasasuenos.com\/es\/wp-json\/wp\/v2\/pages\/11931"}],"collection":[{"href":"https:\/\/old.hotelcasasuenos.com\/es\/wp-json\/wp\/v2\/pages"}],"about":[{"href":"https:\/\/old.hotelcasasuenos.com\/es\/wp-json\/wp\/v2\/types\/page"}],"author":[{"embeddable":true,"href":"https:\/\/old.hotelcasasuenos.com\/es\/wp-json\/wp\/v2\/users\/1"}],"replies":[{"embeddable":true,"href":"https:\/\/old.hotelcasasuenos.com\/es\/wp-json\/wp\/v2\/comments?post=11931"}],"version-history":[{"count":5,"href":"https:\/\/old.hotelcasasuenos.com\/es\/wp-json\/wp\/v2\/pages\/11931\/revisions"}],"predecessor-version":[{"id":12256,"href":"https:\/\/old.hotelcasasuenos.com\/es\/wp-json\/wp\/v2\/pages\/11931\/revisions\/12256"}],"wp:attachment":[{"href":"https:\/\/old.hotelcasasuenos.com\/es\/wp-json\/wp\/v2\/media?parent=11931"}],"curies":[{"name":"wp","href":"https:\/\/api.w.org\/{rel}","templated":true}]}}